{"id":154,"date":"2025-08-06T14:22:12","date_gmt":"2025-08-06T14:22:12","guid":{"rendered":"https:\/\/decor.sujk.dev\/?page_id=154"},"modified":"2025-08-06T14:22:12","modified_gmt":"2025-08-06T14:22:12","slug":"rodo","status":"publish","type":"page","link":"https:\/\/decor.sujk.dev\/index.php\/rodo\/","title":{"rendered":"RODO"},"content":{"rendered":"\n<p>Na podstawie przepis\u00f3w Rozporz\u0105dzenia Parlamentu Europejskiego i Rady (UE) 2016679 z dnia 27 kwietnia 2016 r. w sprawie ochrony os\u00f3b fizycznych w zwi\u0105zku z przetwarzaniem danych osobowych i w sprawie swobodnego przep\u0142ywu takich danych oraz uchylenia dyrektywy 9546WE (Dz.Urz.UE.L Nr 119, str. 1), dalej \u201eRODO\u201d, informujemy, \u017ce<\/p>\n\n\n\n<p>1. Administratorem PaniPana danych osobowych jest DECOR Witold \u015aliwi\u0144ski Jolanta Kwiatkowska-\u015aliwi\u0144ska, ul. Polna 3D , 38-457 Zr\u0119cin zwana dalej \u201eDECOR\u201d lub \u201eAdministratorem\u201d.<br>2. Osob\u0105 odpowiedzialn\u0105 za prawid\u0142owo\u015b\u0107 przetwarzania danych osobowych jest Administrator Danych Osobowych. Kontakt do Administratora Danych Osobowych e-mail decor@decor.net.pl<br>3. Pani\/Pana dane osobowe b\u0119d\u0105 przetwarzane w systemach informatycznych DECOR w zakresie przygotowania ofert nawi\u0105zania stosunk\u00f3w prawnych i czynno\u015bci prawnych z tym zwi\u0105zanych, a w tym handlowych i pracowniczych, ich kopii i archiwizacji oraz realizacji prawnie usprawiedliwionych interes\u00f3w Administratora.<br>4. Dane osobowe b\u0119d\u0105 przetwarzane przez okres trwania negocjacji, rokowa\u0144, uzgodnie\u0144, stosunk\u00f3w prawnych, w tym obowi\u0105zywania um\u00f3w, a tak\u017ce p\u00f3\u017aniej, tj. do czasu up\u0142ywu terminu przedawnienia ewentualnych roszcze\u0144 wynikaj\u0105cych ze stosunk\u00f3w prawnych, w tym z um\u00f3w i innych czynno\u015bci prawnych, w zwi\u0105zku z realizacj\u0105 obowi\u0105zku archiwizacyjnego.<br>5. W dowolnym momencie przys\u0142uguje Pani\/Panu prawo do cofni\u0119cia wyra\u017conych zg\u00f3d na przetwarzanie danych osobowych, co nie wp\u0142ynie na zgodno\u015b\u0107 z prawem przetwarzania, kt\u00f3rego dokonano do czasu ich cofni\u0119cia.<br>6. Przys\u0142uguj\u0105 Pani\/Panu prawo \u017c\u0105dania dost\u0119pu do danych osobowych, ich sprostowania, usuni\u0119cia lub ograniczenia przetwarzania, prawo do wniesienia sprzeciwu wobec przetwarzania a tak\u017ce prawo przenoszenia danych.<br>7. Informujemy, \u017ce przys\u0142uguje PaniPanu prawo wniesienia skargi na przetwarzanie danych do organu nadzorczego \u2013 Prezesa Urz\u0119du Ochrony Danych Osobowych.<br>8. Informujemy, \u017ce odbiorc\u0105 Pani\/Pana danych osobowych b\u0119d\u0105<br>a) podmioty przetwarzaj\u0105ce dane w imieniu Administratora, uczestnicz\u0105ce w wykonywaniu czynno\u015bci Administratora<br>I. dostawcy system\u00f3w informatycznych i us\u0142ug IT;<br>II. podmioty \u015bwiadcz\u0105ce Administratorowi us\u0142ugi doradcze, konsultacyjne, audytowe, szkoleniowe, organizacyjne, pomoc prawn\u0105, podatkow\u0105, rachunkow\u0105;<br>III. podmiotom \u015bwiadcz\u0105cym Administratorowi us\u0142ugi w zakresie bezpiecze\u0144stwa i ochrony miejsca pracy;<br>b) inni administratorzy przetwarzaj\u0105cy dane we w\u0142asnym imieniu<br>I. podmioty wsp\u00f3\u0142pracuj\u0105ce z Administratorem przy zarz\u0105dzaniu IT\u2013 w zakresie, w jakim stan\u0105 si\u0119 administratorem danych;<br>II. wsp\u00f3\u0142administratorzy i kontrahenci DECOR \u2013 w zakresie niezb\u0119dnym do wykonywania um\u00f3w zawieranych przez Administratora;<br>III. podmioty prowadz\u0105ce dzia\u0142alno\u015b\u0107 pocztow\u0105 lub kuriersk\u0105;<br>IV. podmioty wsp\u00f3\u0142pracuj\u0105ce z Administratorem przy obs\u0142udze spraw ksi\u0119gowych, podatkowych, prawnych \u2013 w zakresie, w jakim stan\u0105 si\u0119 administratorem danych;<br>V. podmioty \u015bwiadcz\u0105ce us\u0142ugi telekomunikacyjne;<\/p>\n\n\n\n<p>c) organy uprawnione do otrzymania Pani\/Pana danych na podstawie przepis\u00f3w prawa.<br>9. Informujemy, \u017ce PaniPana dane osobowe nie b\u0119d\u0105 przekazywane do pa\u0144stwa trzeciego organizacji mi\u0119dzynarodowej.<br>10. Informujemy, \u017ce PaniPana dane nie b\u0119d\u0105 przetwarzane w spos\u00f3b zautomatyzowany, w tym r\u00f3wnie\u017c nie b\u0119d\u0105 wykorzystywane do profilowania.<\/p>\n\n\n\n<p>Maj\u0105 Pa\u0144stwo prawo do wgl\u0105du, edycji, sprostowania, usuni\u0119cia,przeniesienia lub ograniczenia przetwarzania swoich danych osobowych i przypisanych do nich danych profilowych. Dodatkowo przys\u0142uguje prawo do sprzeciwu i skargi do organu nadzorczego.<\/p>\n\n\n\n<p>W przypadku, gdy nie akceptuj\u0105 Pa\u0144stwo powy\u017cszych zasad prosimy o poinformowanie nas o tym w spos\u00f3b opisany poni\u017cej. Przes\u0142anie rezygnacji b\u0119dzie skutkowa\u0142o usuni\u0119ciem danych z naszej bazy.<\/p>\n\n\n\n<p>We wszystkich sprawach zwi\u0105zanych z przetwarzaniem przez DECOR Pa\u0144stwa danych osobowych, mog\u0105 Pa\u0144stwo si\u0119 kontaktowa\u0107 z nami w nast\u0119puj\u0105cy spos\u00f3b:\u2013 za po\u015brednictwem poczty e-mail na adres decor@decor.net.pl w temacie wpisuj\u0105c RODO\u2013 za po\u015brednictwem poczty tradycyjnej na nast\u0119puj\u0105cy adres: DECOR Witold \u015aliwi\u0144ski Jolanta Kwiatkowska-\u015aliwi\u0144ska, ul. Polna 3D, 38-457 Zr\u0119cin<\/p>\n\n\n\n<p>\u2014\u2014\u2014\u2014\u2014\u2014\u2014\u2014\u2014\u2014\u2014\u2014\u2014\u2014\u2014\u2014\u2014\u2014\u2014\u2014\u2014\u2014\u2014\u2014\u2014\u2014\u2014\u2014\u2013<\/p>\n\n\n\n<p>Under Regulation (EU) 2016679 of the European Parliament and of the Council of 27 th April 2016 on the protection of individuals with regard to the processing of personal data and on the free movement of such data and repealing Directive 9546WE (OJ.UE.L.No. 119, page 1) hereinafter \u201cRODO\u201d, we would like to inform you that<br>1. The Controller of your personal data is DECOR Witold \u015aliwi\u0144ski Jolanta Kwiatkowska-\u015aliwi\u0144ska with registered office in ul. Polna 3D , 38-457 Zr\u0119cin, hereinafter referred to as \u201cDECOR\u201d or as \u201cController\u201d;<br>2. The person liable for data processing accuracy is Personal Data Controller. Contact details of the Personal Data Controller e-mail address decor@decor.net.pl;<br>3. Your personal data will be processed in the IT systems of DECOR in the preparation of offers establishing legal relations and legal transactions related thereto, including commercial and employee, its copying and archiving as well as implementation of the legally justified interests of the Controller;<br>4. Personal data will be processed for the duration of negotiations, arrangements, legal relationships, within the term of the contracts, and also later, that is until the expiry of the period of limitation of possible claims that could occur of legal relationships, including contracts and other legal acts, in connection with the archiving obligation;<br>5. You have the right to withdraw your consent for the processing of your personal data at any moment without affecting the lawfulness of processing based on consent before its withdrawal;<br>6. You have the right to request the access to your personal data, its correction, deletion or limitation of processing and to object to data processing as well as to transfer data;<br>7. We inform that you have the right to complain about data processing to supervision authority \u2013 President of Personal Data Protection Office;<br>8. We inform that the recipients of your personal data will be<br>a) entities who process data on behalf of the controller, performing in the Controller\u2019s activities<br>I. Providers of IT system and IT services;<br>II. Entities providing advisory, consulting, audit, training, organizational, legal, tax advisory and accounting services to the Controller;<br>III. Entities providing security and safe working environment services to the Controller;<br>b) other the Controllers who process data in their own names<br>I. Entities cooperating with the Controller in IT management \u2013 to the extent that they become controllers of data;<br>II. The Counterparties of DECOR \u2013 to the extent necessary to implementation of the agreements concluding by the Controller;<br>III. Entities that conduct activity consisting in providing postal or courier services;<br>IV. Entities cooperating with the Administrator when handling accounting, tax and legal matters \u2013 to the extent that they become controllers of data,<br>V. Entities who offer telecommunication services;<br>c) The Authorities empowered to obtain your data based on generally applicable legal regulations.<br>9. We inform that your personal data shall not be transferred to any third country or any international organization;<br>10. We inform that your data shall not be processed by automated means, including using them for profiling;<br>Information related to the processing of data is provided by the Personal Data Controller e-mail decor@decor.net.pl<\/p>\n","protected":false},"excerpt":{"rendered":"<p>Na podstawie przepis\u00f3w Rozporz\u0105dzenia Parlamentu Europejskiego i Rady (UE) 2016679 z dnia 27 kwietnia 2016 r. w sprawie ochrony os\u00f3b fizycznych w zwi\u0105zku z przetwarzaniem danych osobowych i w sprawie swobodnego przep\u0142ywu takich danych oraz uchylenia dyrektywy 9546WE (Dz.Urz.UE.L Nr 119, str. 1), dalej \u201eRODO\u201d, informujemy, \u017ce 1. Administratorem PaniPana danych osobowych jest DECOR Witold [&hellip;]<\/p>\n","protected":false},"author":1,"featured_media":0,"parent":0,"menu_order":0,"comment_status":"closed","ping_status":"closed","template":"","meta":{"_eb_attr":"","footnotes":""},"class_list":["post-154","page","type-page","status-publish","hentry"],"_links":{"self":[{"href":"https:\/\/decor.sujk.dev\/index.php\/wp-json\/wp\/v2\/pages\/154","targetHints":{"allow":["GET"]}}],"collection":[{"href":"https:\/\/decor.sujk.dev\/index.php\/wp-json\/wp\/v2\/pages"}],"about":[{"href":"https:\/\/decor.sujk.dev\/index.php\/wp-json\/wp\/v2\/types\/page"}],"author":[{"embeddable":true,"href":"https:\/\/decor.sujk.dev\/index.php\/wp-json\/wp\/v2\/users\/1"}],"replies":[{"embeddable":true,"href":"https:\/\/decor.sujk.dev\/index.php\/wp-json\/wp\/v2\/comments?post=154"}],"version-history":[{"count":2,"href":"https:\/\/decor.sujk.dev\/index.php\/wp-json\/wp\/v2\/pages\/154\/revisions"}],"predecessor-version":[{"id":863,"href":"https:\/\/decor.sujk.dev\/index.php\/wp-json\/wp\/v2\/pages\/154\/revisions\/863"}],"wp:attachment":[{"href":"https:\/\/decor.sujk.dev\/index.php\/wp-json\/wp\/v2\/media?parent=154"}],"curies":[{"name":"wp","href":"https:\/\/api.w.org\/{rel}","templated":true}]}}