{"id":2,"date":"2025-07-07T19:26:00","date_gmt":"2025-07-07T19:26:00","guid":{"rendered":"https:\/\/decor.sujk.dev\/?page_id=2"},"modified":"2025-08-22T17:32:36","modified_gmt":"2025-08-22T17:32:36","slug":"sample-page","status":"publish","type":"page","link":"https:\/\/decor.sujk.dev\/","title":{"rendered":"Strona g\u0142\u00f3wna"},"content":{"rendered":"\n<section class=\"wp-block-group\"><div class=\"wp-block-group__inner-container is-layout-constrained wp-block-group-is-layout-constrained\">\n<div class=\"wp-block-group container is-vertical is-content-justification-center is-layout-flex wp-container-core-group-is-layout-4b2eccd6 wp-block-group-is-layout-flex\">\n<div style=\"height:0px\" aria-hidden=\"true\" class=\"wp-block-spacer wp-container-content-82ea18c2\"><\/div>\n\n\n\n<h2 class=\"wp-block-heading has-text-align-center\" style=\"font-size:2rem;font-style:normal;font-weight:300;letter-spacing:0.15rem\"><strong>Mamy<\/strong>&nbsp;si\u0119 czym pochwali\u0107<\/h2>\n\n\n\n<div style=\"height:0px\" aria-hidden=\"true\" class=\"wp-block-spacer wp-container-content-16d1eb73\"><\/div>\n\n\n\n<p class=\"has-text-align-center\" style=\"font-size:1rem;font-style:normal;font-weight:300;letter-spacing:0.05rem\">Jako producent oferujemy mo\u017cliwo\u015b\u0107 wykonania ze szk\u0142a miniaturowych modeli pojazd\u00f3w. Przedstawiamy r\u00f3wnie\u017c niekt\u00f3re z wielu realizacji statuetek oraz gad\u017cet\u00f3w reklamowych na zam\u00f3wienie, kt\u00f3re powsta\u0142y w firmie Decor. <\/p>\n\n\n\n<p class=\"has-text-align-center\" style=\"font-size:1rem;font-style:normal;font-weight:300;letter-spacing:0.05rem\">Posiadamy zaplecze produkcyjne oraz do\u015bwiadczenie do r\u0119cznego modelowania szk\u0142a. Wynikiem tej pracy s\u0105 dok\u0142adnie odwzorowane modele pojazd\u00f3w, takich jak: szklane samoloty, helikoptery, czo\u0142gi, radary, poci\u0105gi, lokomotywy, wagony, tramwaje, autobusy, wozy stra\u017cackie, betoniarki, w\u00f3zki wid\u0142owe czy \u015bmieciarki. Posiadan\u0105 wiedz\u0119, do\u015bwiadczenie i umiej\u0119tno\u015bci potwierdzaj\u0105 za\u0142\u0105czone w galerii zdj\u0119cia.<\/p>\n\n\n\n<div style=\"height:18px\" aria-hidden=\"true\" class=\"wp-block-spacer wp-container-content-b0b89ccb\"><\/div>\n\n\n\n<div class=\"wp-block-essential-blocks-row alignfull  root-eb-row-jqh4q\"><div class=\"eb-parent-wrapper eb-parent-eb-row-jqh4q \"><div class=\"eb-row-root-container eb-row-jqh4q\" data-id=\"eb-row-jqh4q\"><div class=\"eb-row-wrapper\"><div class=\"eb-row-inner\">\n<div class=\"wp-block-essential-blocks-column  root-eb-column-mq58k\"><div class=\"eb-parent-wrapper eb-parent-eb-column-mq58k \"><div class=\"eb-column-wrapper eb-column-mq58k\"><div class=\"eb-column-inner\">\n<div class=\"wp-block-essential-blocks-advanced-image  root-eb-advanced-image-bj0fp\"><div class=\"eb-parent-wrapper eb-parent-eb-advanced-image-bj0fp \"><figure class=\"eb-advanced-image-wrapper eb-advanced-image-bj0fp zoom-in\" data-id=\"eb-advanced-image-bj0fp\"><div class=\"eb-image-wrapper\"><div class=\"eb-image-wrapper-inner eb-img-caption-style-1 eb-caption-horizontal-center eb-caption-vertical-middle bottom  eb-img-style-square\"><a class=\"eb-image-link\" href=\"https:\/\/decor.sujk.dev\/index.php\/2025\/08\/07\/architektura-ze-szkla\/\" target=\"_self\"><\/a><img decoding=\"async\" src=\"https:\/\/decor.sujk.dev\/wp-content\/uploads\/2025\/08\/budynek-szklany-kosciol-sw-mikolaja-pogorzala-wies.jpg\" alt=\"\"\/><figcaption class=\"eb-image-caption-wrap\">Architektura ze szk\u0142a<\/figcaption><\/div><\/div><\/figure><\/div><\/div>\n<\/div><\/div><\/div><\/div>\n\n\n\n<div class=\"wp-block-essential-blocks-column  root-eb-column-9dusk\"><div class=\"eb-parent-wrapper eb-parent-eb-column-9dusk \"><div class=\"eb-column-wrapper eb-column-9dusk\"><div class=\"eb-column-inner\">\n<div class=\"wp-block-essential-blocks-advanced-image  root-eb-advanced-image-0boii\"><div class=\"eb-parent-wrapper eb-parent-eb-advanced-image-0boii \"><figure class=\"eb-advanced-image-wrapper eb-advanced-image-0boii zoom-in\" data-id=\"eb-advanced-image-0boii\"><div class=\"eb-image-wrapper\"><div class=\"eb-image-wrapper-inner eb-img-caption-style-1 eb-caption-horizontal-center eb-caption-vertical-middle bottom  eb-img-style-square\"><a class=\"eb-image-link\" href=\"https:\/\/decor.sujk.dev\/index.php\/2025\/08\/07\/szklane-miniatury\/\" target=\"_self\"><\/a><img decoding=\"async\" src=\"https:\/\/decor.sujk.dev\/wp-content\/uploads\/2025\/08\/palka-policyjna-szklana-tanfa-2.jpg\" alt=\"\"\/><figcaption class=\"eb-image-caption-wrap\">Szklane miniatury<\/figcaption><\/div><\/div><\/figure><\/div><\/div>\n<\/div><\/div><\/div><\/div>\n\n\n\n<div class=\"wp-block-essential-blocks-column  root-eb-column-mg1hx\"><div class=\"eb-parent-wrapper eb-parent-eb-column-mg1hx \"><div class=\"eb-column-wrapper eb-column-mg1hx\"><div class=\"eb-column-inner\">\n<div class=\"wp-block-essential-blocks-advanced-image  root-eb-advanced-image-sjm49\"><div class=\"eb-parent-wrapper eb-parent-eb-advanced-image-sjm49 \"><figure class=\"eb-advanced-image-wrapper eb-advanced-image-sjm49 zoom-in\" data-id=\"eb-advanced-image-sjm49\"><div class=\"eb-image-wrapper\"><div class=\"eb-image-wrapper-inner eb-img-caption-style-1 eb-caption-horizontal-center eb-caption-vertical-middle bottom  eb-img-style-square\"><a class=\"eb-image-link\" href=\"https:\/\/decor.sujk.dev\/index.php\/2025\/08\/07\/statuetki-i-nagrody\/\" target=\"_self\"><\/a><img decoding=\"async\" src=\"https:\/\/decor.sujk.dev\/wp-content\/uploads\/2025\/08\/buzdygan-bulawa-1024x683-1.jpg\" alt=\"\"\/><figcaption class=\"eb-image-caption-wrap\">Statuetki i nagrody<\/figcaption><\/div><\/div><\/figure><\/div><\/div>\n<\/div><\/div><\/div><\/div>\n<\/div><\/div><\/div><\/div><\/div>\n\n\n\n<div style=\"height:0px\" aria-hidden=\"true\" class=\"wp-block-spacer wp-container-content-82ea18c2\"><\/div>\n<\/div>\n<\/div><\/section>\n","protected":false},"excerpt":{"rendered":"<p>Mamy&nbsp;si\u0119 czym pochwali\u0107 Jako producent oferujemy mo\u017cliwo\u015b\u0107 wykonania ze szk\u0142a miniaturowych modeli pojazd\u00f3w. Przedstawiamy r\u00f3wnie\u017c niekt\u00f3re z wielu realizacji statuetek oraz gad\u017cet\u00f3w reklamowych na zam\u00f3wienie, kt\u00f3re powsta\u0142y w firmie Decor. Posiadamy zaplecze produkcyjne oraz do\u015bwiadczenie do r\u0119cznego modelowania szk\u0142a. Wynikiem tej pracy s\u0105 dok\u0142adnie odwzorowane modele pojazd\u00f3w, takich jak: szklane samoloty, helikoptery, czo\u0142gi, radary, poci\u0105gi, [&hellip;]<\/p>\n","protected":false},"author":1,"featured_media":0,"parent":0,"menu_order":0,"comment_status":"closed","ping_status":"open","template":"","meta":{"_eb_attr":"","footnotes":""},"class_list":["post-2","page","type-page","status-publish","hentry"],"_links":{"self":[{"href":"https:\/\/decor.sujk.dev\/index.php\/wp-json\/wp\/v2\/pages\/2","targetHints":{"allow":["GET"]}}],"collection":[{"href":"https:\/\/decor.sujk.dev\/index.php\/wp-json\/wp\/v2\/pages"}],"about":[{"href":"https:\/\/decor.sujk.dev\/index.php\/wp-json\/wp\/v2\/types\/page"}],"author":[{"embeddable":true,"href":"https:\/\/decor.sujk.dev\/index.php\/wp-json\/wp\/v2\/users\/1"}],"replies":[{"embeddable":true,"href":"https:\/\/decor.sujk.dev\/index.php\/wp-json\/wp\/v2\/comments?post=2"}],"version-history":[{"count":221,"href":"https:\/\/decor.sujk.dev\/index.php\/wp-json\/wp\/v2\/pages\/2\/revisions"}],"predecessor-version":[{"id":862,"href":"https:\/\/decor.sujk.dev\/index.php\/wp-json\/wp\/v2\/pages\/2\/revisions\/862"}],"wp:attachment":[{"href":"https:\/\/decor.sujk.dev\/index.php\/wp-json\/wp\/v2\/media?parent=2"}],"curies":[{"name":"wp","href":"https:\/\/api.w.org\/{rel}","templated":true}]}}