{"id":666,"date":"2025-08-25T16:55:54","date_gmt":"2025-08-25T16:55:54","guid":{"rendered":"https:\/\/decor.sujk.dev\/?page_id=666"},"modified":"2025-08-31T16:42:32","modified_gmt":"2025-08-31T16:42:32","slug":"kontakt","status":"publish","type":"page","link":"https:\/\/decor.sujk.dev\/index.php\/kontakt\/","title":{"rendered":"Kontakt"},"content":{"rendered":"\n<div class=\"wp-block-group\"><div class=\"wp-block-group__inner-container is-layout-constrained wp-block-group-is-layout-constrained\">\n<div class=\"wp-block-group container is-vertical is-content-justification-center is-layout-flex wp-container-core-group-is-layout-4b2eccd6 wp-block-group-is-layout-flex\">\n<div style=\"height:0px\" aria-hidden=\"true\" class=\"wp-block-spacer wp-container-content-e1bb55cb\"><\/div>\n\n\n\n<p style=\"font-size:2.2rem;font-style:normal;font-weight:300;letter-spacing:0.15rem\">Zadzwo\u0144 do nas<\/p>\n\n\n\n<p class=\"has-text-align-center\" style=\"font-size:1.3rem;font-style:normal;font-weight:400;letter-spacing:0.05rem\"><a href=\"tel:48134361307\">+48 13 43 61 307<\/a> lub tel. kom\u00f3rkowe poni\u017cej<\/p>\n\n\n\n<p style=\"font-size:1.1rem;font-style:normal;font-weight:300;letter-spacing:0.05rem\">Pracujemy od <strong>poniedzia\u0142ku do pi\u0105tku<\/strong> W godzinach: <strong>8.00 \u2013 16.00<\/strong><\/p>\n\n\n\n<div style=\"height:0px\" aria-hidden=\"true\" class=\"wp-block-spacer wp-container-content-82ea18c2\"><\/div>\n<\/div>\n<\/div><\/div>\n\n\n\n<div class=\"wp-block-group has-background\" style=\"background-color:#e6e7e8\"><div class=\"wp-block-group__inner-container is-layout-constrained wp-block-group-is-layout-constrained\">\n<div class=\"wp-block-group container is-vertical is-content-justification-center is-layout-flex wp-container-core-group-is-layout-4b2eccd6 wp-block-group-is-layout-flex\">\n<div style=\"height:0px\" aria-hidden=\"true\" class=\"wp-block-spacer wp-container-content-82ea18c2\"><\/div>\n\n\n\n<p style=\"font-size:2.2rem;font-style:normal;font-weight:300;letter-spacing:0.15rem\">Obs\u0142uga klienta<\/p>\n\n\n\n<p class=\"has-text-align-center\" style=\"font-size:1rem;font-style:normal;font-weight:300;letter-spacing:0.05rem\">Projektowanie, Wyceny<\/p>\n\n\n\n<div style=\"height:0px\" aria-hidden=\"true\" class=\"wp-block-spacer wp-container-content-16d1eb73\"><\/div>\n\n\n\n<div class=\"wp-block-essential-blocks-row alignfull  root-eb-row-279ij\"><div class=\"eb-parent-wrapper eb-parent-eb-row-279ij \"><div class=\"eb-row-root-container eb-row-279ij\" data-id=\"eb-row-279ij\"><div class=\"eb-row-wrapper\"><div class=\"eb-row-inner\">\n<div class=\"wp-block-essential-blocks-column  root-eb-column-mqror\"><div class=\"eb-parent-wrapper eb-parent-eb-column-mqror \"><div class=\"eb-column-wrapper eb-column-mqror\"><div class=\"eb-column-inner\">\n<div class=\"wp-block-essential-blocks-advanced-image  root-eb-advanced-image-b8jfa\"><div class=\"eb-parent-wrapper eb-parent-eb-advanced-image-b8jfa \"><figure class=\"eb-advanced-image-wrapper eb-advanced-image-b8jfa no-effect\" data-id=\"eb-advanced-image-b8jfa\"><div class=\"eb-image-wrapper\"><div class=\"eb-image-wrapper-inner eb-img-style-circle\"><img decoding=\"async\" src=\"https:\/\/decor.sujk.dev\/wp-content\/uploads\/2025\/08\/kontakt-pawel.jpg\" alt=\"\"\/><\/div><\/div><\/figure><\/div><\/div>\n\n\n\n<div style=\"height:20px\" aria-hidden=\"true\" class=\"wp-block-spacer\"><\/div>\n\n\n\n<p class=\"has-text-align-center\" style=\"font-size:1rem;font-style:normal;font-weight:300;letter-spacing:0.05rem\"><strong>Pawe\u0142<\/strong>&nbsp;\u2013 wew. 21<br>tel. kom. <a class=\"black\" href=\"tel:48574396657\">+48 574 396 657<\/a><br><\/p>\n\n\n\n<p class=\"has-text-align-center\" style=\"font-size:1rem;font-style:normal;font-weight:300;letter-spacing:0.05rem\"><a class=\"blue\" href=\"mailto:decor@decor.net.pl\">decor@decor.net.pl<\/a><\/p>\n<\/div><\/div><\/div><\/div>\n\n\n\n<div class=\"wp-block-essential-blocks-column  root-eb-column-rqdq6\"><div class=\"eb-parent-wrapper eb-parent-eb-column-rqdq6 \"><div class=\"eb-column-wrapper eb-column-rqdq6\"><div class=\"eb-column-inner\">\n<div class=\"wp-block-essential-blocks-advanced-image  root-eb-advanced-image-a5c34\"><div class=\"eb-parent-wrapper eb-parent-eb-advanced-image-a5c34 \"><figure class=\"eb-advanced-image-wrapper eb-advanced-image-a5c34 no-effect\" data-id=\"eb-advanced-image-a5c34\"><div class=\"eb-image-wrapper\"><div class=\"eb-image-wrapper-inner eb-img-style-circle\"><img decoding=\"async\" src=\"https:\/\/decor.sujk.dev\/wp-content\/uploads\/2025\/08\/kontakt-waldek.jpg\" alt=\"\"\/><\/div><\/div><\/figure><\/div><\/div>\n\n\n\n<div style=\"height:20px\" aria-hidden=\"true\" class=\"wp-block-spacer\"><\/div>\n\n\n\n<p class=\"has-text-align-center\" style=\"font-size:1rem;font-style:normal;font-weight:300;letter-spacing:0.05rem\"><strong>Waldek<\/strong>&nbsp;\u2013 wew. 22<br>tel. kom. <a class=\"black\" href=\"tel:48574439851\">+48 574 439 851<\/a><\/p>\n\n\n\n<p class=\"has-text-align-center\" style=\"font-size:1rem;font-style:normal;font-weight:300;letter-spacing:0.05rem\"><a class=\"blue\" href=\"mailto:decor@decor.net.pl\">decor@decor.net.pl<\/a><\/p>\n<\/div><\/div><\/div><\/div>\n\n\n\n<div class=\"wp-block-essential-blocks-column  root-eb-column-z3akv\"><div class=\"eb-parent-wrapper eb-parent-eb-column-z3akv \"><div class=\"eb-column-wrapper eb-column-z3akv\"><div class=\"eb-column-inner\">\n<div class=\"wp-block-essential-blocks-advanced-image  root-eb-advanced-image-cuaqo\"><div class=\"eb-parent-wrapper eb-parent-eb-advanced-image-cuaqo \"><figure class=\"eb-advanced-image-wrapper eb-advanced-image-cuaqo no-effect\" data-id=\"eb-advanced-image-cuaqo\"><div class=\"eb-image-wrapper\"><div class=\"eb-image-wrapper-inner eb-img-style-circle\"><img decoding=\"async\" src=\"https:\/\/decor.sujk.dev\/wp-content\/uploads\/2025\/08\/kontakt-basia.jpg\" alt=\"\"\/><\/div><\/div><\/figure><\/div><\/div>\n\n\n\n<div style=\"height:20px\" aria-hidden=\"true\" class=\"wp-block-spacer\"><\/div>\n\n\n\n<p class=\"has-text-align-center\" style=\"font-size:1rem;font-style:normal;font-weight:300;letter-spacing:0.05rem\"><strong>Basia<\/strong>&nbsp;\u2013 wew. 22<br>tel. kom. <a class=\"black\" href=\"tel:48531916870\">+48 531 916 870<\/a><\/p>\n\n\n\n<p class=\"has-text-align-center\" style=\"font-size:1rem;font-style:normal;font-weight:300;letter-spacing:0.05rem\"><a class=\"blue\" href=\"mailto:decor@decor.net.pl\">decor@decor.net.pl<\/a><\/p>\n<\/div><\/div><\/div><\/div>\n<\/div><\/div><\/div><\/div><\/div>\n\n\n\n<div style=\"height:0px\" aria-hidden=\"true\" class=\"wp-block-spacer wp-container-content-82ea18c2\"><\/div>\n<\/div>\n<\/div><\/div>\n\n\n\n<div class=\"wp-block-group has-white-color has-text-color has-background has-link-color wp-elements-721a8ded909ba2560ff97e8f164b25eb\" style=\"background-color:#262d33\"><div class=\"wp-block-group__inner-container is-layout-constrained wp-block-group-is-layout-constrained\">\n<div class=\"wp-block-group container is-vertical is-content-justification-center is-layout-flex wp-container-core-group-is-layout-4b2eccd6 wp-block-group-is-layout-flex\">\n<div style=\"height:0px\" aria-hidden=\"true\" class=\"wp-block-spacer wp-container-content-82ea18c2\"><\/div>\n\n\n\n<p style=\"font-size:2.2rem;font-style:normal;font-weight:300;letter-spacing:0.15rem\">Ci\u0119cie wod\u0105, Druk UV<\/p>\n\n\n\n<p class=\"has-text-align-center\" style=\"font-size:1rem;font-style:normal;font-weight:300;letter-spacing:0.05rem\">Obs\u0142uga zlece\u0144, Wyceny<\/p>\n\n\n\n<div style=\"height:0px\" aria-hidden=\"true\" class=\"wp-block-spacer wp-container-content-16d1eb73\"><\/div>\n\n\n\n<div class=\"wp-block-essential-blocks-row alignfull  root-eb-row-atqpn\"><div class=\"eb-parent-wrapper eb-parent-eb-row-atqpn \"><div class=\"eb-row-root-container eb-row-atqpn\" data-id=\"eb-row-atqpn\"><div class=\"eb-row-wrapper\"><div class=\"eb-row-inner\">\n<div class=\"wp-block-essential-blocks-column  root-eb-column-tkr7h\"><div class=\"eb-parent-wrapper eb-parent-eb-column-tkr7h \"><div class=\"eb-column-wrapper eb-column-tkr7h\"><div class=\"eb-column-inner\">\n<div class=\"wp-block-essential-blocks-advanced-image  root-eb-advanced-image-ldyxk\"><div class=\"eb-parent-wrapper eb-parent-eb-advanced-image-ldyxk \"><figure class=\"eb-advanced-image-wrapper eb-advanced-image-ldyxk no-effect\" data-id=\"eb-advanced-image-ldyxk\"><div class=\"eb-image-wrapper\"><div class=\"eb-image-wrapper-inner eb-img-style-circle\"><img decoding=\"async\" src=\"https:\/\/decor.sujk.dev\/wp-content\/uploads\/2025\/08\/ciecie-mariusz.jpg\" alt=\"\"\/><\/div><\/div><\/figure><\/div><\/div>\n\n\n\n<div style=\"height:20px\" aria-hidden=\"true\" class=\"wp-block-spacer\"><\/div>\n\n\n\n<p class=\"has-text-align-center\" style=\"font-size:1rem;font-style:normal;font-weight:300;letter-spacing:0.05rem\"><strong>Roman<\/strong>&nbsp;\u2013 wew. 29<br><a href=\"http:\/\/cieciewoda.decor.net.pl\/formularz-wycen\/\">Wype\u0142nij formularz wyceny<\/a><\/p>\n\n\n\n<p class=\"has-text-align-center\" style=\"font-size:1rem;font-style:normal;font-weight:300;letter-spacing:0.05rem\"><strong>Operator WaterJet<\/strong><\/p>\n<\/div><\/div><\/div><\/div>\n\n\n\n<div class=\"wp-block-essential-blocks-column  root-eb-column-zv1yj\"><div class=\"eb-parent-wrapper eb-parent-eb-column-zv1yj \"><div class=\"eb-column-wrapper eb-column-zv1yj\"><div class=\"eb-column-inner\">\n<div class=\"wp-block-essential-blocks-advanced-image  root-eb-advanced-image-0q8fj\"><div class=\"eb-parent-wrapper eb-parent-eb-advanced-image-0q8fj \"><figure class=\"eb-advanced-image-wrapper eb-advanced-image-0q8fj no-effect\" data-id=\"eb-advanced-image-0q8fj\"><div class=\"eb-image-wrapper\"><div class=\"eb-image-wrapper-inner eb-img-style-circle\"><img decoding=\"async\" src=\"https:\/\/decor.sujk.dev\/wp-content\/uploads\/2025\/08\/ciecie-wojtek.jpg\" alt=\"\"\/><\/div><\/div><\/figure><\/div><\/div>\n\n\n\n<div style=\"height:20px\" aria-hidden=\"true\" class=\"wp-block-spacer\"><\/div>\n\n\n\n<p class=\"has-text-align-center\" style=\"font-size:1rem;font-style:normal;font-weight:300;letter-spacing:0.05rem\"><strong>Wojciech<\/strong>&nbsp;\u2013 wew. 23<br>tel. kom. <a href=\"tel:48518618275\">+48 518 618 275<\/a><\/p>\n\n\n\n<p class=\"has-text-align-center\" style=\"font-size:1rem;font-style:normal;font-weight:300;letter-spacing:0.05rem\"><br><strong>Ci\u0119cie Wod\u0105 i Druk UV<\/strong><\/p>\n<\/div><\/div><\/div><\/div>\n<\/div><\/div><\/div><\/div><\/div>\n\n\n\n<div style=\"height:0px\" aria-hidden=\"true\" class=\"wp-block-spacer wp-container-content-82ea18c2\"><\/div>\n<\/div>\n<\/div><\/div>\n\n\n\n<div class=\"wp-block-group has-background\" style=\"background-color:#e6e7e8\"><div class=\"wp-block-group__inner-container is-layout-constrained wp-block-group-is-layout-constrained\">\n<div class=\"wp-block-group container is-vertical is-content-justification-center is-layout-flex wp-container-core-group-is-layout-4b2eccd6 wp-block-group-is-layout-flex\">\n<div style=\"height:0px\" aria-hidden=\"true\" class=\"wp-block-spacer wp-container-content-82ea18c2\"><\/div>\n\n\n\n<p style=\"font-size:2.2rem;font-style:normal;font-weight:300;letter-spacing:0.15rem\">Ksi\u0119gowo\u015b\u0107 i wysy\u0142ki<\/p>\n\n\n\n<div style=\"height:0px\" aria-hidden=\"true\" class=\"wp-block-spacer wp-container-content-16d1eb73\"><\/div>\n\n\n\n<div class=\"wp-block-essential-blocks-row alignfull  root-eb-row-mizvq\"><div class=\"eb-parent-wrapper eb-parent-eb-row-mizvq \"><div class=\"eb-row-root-container eb-row-mizvq\" data-id=\"eb-row-mizvq\"><div class=\"eb-row-wrapper\"><div class=\"eb-row-inner\">\n<div class=\"wp-block-essential-blocks-column  root-eb-column-nuryb\"><div class=\"eb-parent-wrapper eb-parent-eb-column-nuryb \"><div class=\"eb-column-wrapper eb-column-nuryb\"><div class=\"eb-column-inner\">\n<div class=\"wp-block-essential-blocks-advanced-image  root-eb-advanced-image-fjy25\"><div class=\"eb-parent-wrapper eb-parent-eb-advanced-image-fjy25 \"><figure class=\"eb-advanced-image-wrapper eb-advanced-image-fjy25 no-effect\" data-id=\"eb-advanced-image-fjy25\"><div class=\"eb-image-wrapper\"><div class=\"eb-image-wrapper-inner eb-img-style-circle\"><img decoding=\"async\" src=\"https:\/\/decor.sujk.dev\/wp-content\/uploads\/2025\/08\/ksiegowosc-leokadia.jpg\" alt=\"\"\/><\/div><\/div><\/figure><\/div><\/div>\n\n\n\n<div style=\"height:20px\" aria-hidden=\"true\" class=\"wp-block-spacer\"><\/div>\n\n\n\n<p class=\"has-text-align-center\" style=\"font-size:1rem;font-style:normal;font-weight:300;letter-spacing:0.05rem\"><strong><strong>Ma\u0142gorzata<\/strong><\/strong>&nbsp;\u2013 wew. 23<br>tel. kom. <a class=\"black\" href=\"tel:48535487579\">+48 535 487 579<\/a><br><a class=\"blue\" href=\"mailto:decor@decor.net.pl\">decor@decor.net.pl<\/a><\/p>\n\n\n\n<p class=\"has-text-align-center\" style=\"font-size:1rem;font-style:normal;font-weight:300;letter-spacing:0.05rem\"><strong>Ksi\u0119gowo\u015b\u0107<\/strong><\/p>\n<\/div><\/div><\/div><\/div>\n\n\n\n<div class=\"wp-block-essential-blocks-column  root-eb-column-slbfk\"><div class=\"eb-parent-wrapper eb-parent-eb-column-slbfk \"><div class=\"eb-column-wrapper eb-column-slbfk\"><div class=\"eb-column-inner\">\n<div class=\"wp-block-essential-blocks-advanced-image  root-eb-advanced-image-1ffw0\"><div class=\"eb-parent-wrapper eb-parent-eb-advanced-image-1ffw0 \"><figure class=\"eb-advanced-image-wrapper eb-advanced-image-1ffw0 no-effect\" data-id=\"eb-advanced-image-1ffw0\"><div class=\"eb-image-wrapper\"><div class=\"eb-image-wrapper-inner eb-img-style-circle\"><img decoding=\"async\" src=\"https:\/\/decor.sujk.dev\/wp-content\/uploads\/2025\/08\/wysylki-beata.jpg\" alt=\"\"\/><\/div><\/div><\/figure><\/div><\/div>\n\n\n\n<div style=\"height:20px\" aria-hidden=\"true\" class=\"wp-block-spacer\"><\/div>\n\n\n\n<p class=\"has-text-align-center\" style=\"font-size:1rem;font-style:normal;font-weight:300;letter-spacing:0.05rem\"><strong>Joanna<\/strong>&nbsp;\u2013 wew. 23<br>tel. kom. <a class=\"black\" href=\"tel:48575141856\">+48 575 141 856<\/a><br><a class=\"blue\" href=\"mailto:decor@decor.net.pl\">decor@decor.net.pl<\/a><\/p>\n\n\n\n<p class=\"has-text-align-center\" style=\"font-size:1rem;font-style:normal;font-weight:300;letter-spacing:0.05rem\"><strong>Wysy\u0142ki<\/strong><\/p>\n<\/div><\/div><\/div><\/div>\n<\/div><\/div><\/div><\/div><\/div>\n\n\n\n<div style=\"height:0px\" aria-hidden=\"true\" class=\"wp-block-spacer wp-container-content-82ea18c2\"><\/div>\n<\/div>\n<\/div><\/div>\n\n\n\n<div class=\"wp-block-group\"><div class=\"wp-block-group__inner-container is-layout-constrained wp-block-group-is-layout-constrained\">\n<div class=\"wp-block-group container is-vertical is-content-justification-center is-layout-flex wp-container-core-group-is-layout-4b2eccd6 wp-block-group-is-layout-flex\">\n<div style=\"height:0px\" aria-hidden=\"true\" class=\"wp-block-spacer wp-container-content-82ea18c2\"><\/div>\n\n\n\n<div class=\"wp-block-essential-blocks-row alignfull  root-eb-row-mf92e\"><div class=\"eb-parent-wrapper eb-parent-eb-row-mf92e \"><div class=\"eb-row-root-container eb-row-mf92e\" data-id=\"eb-row-mf92e\"><div class=\"eb-row-wrapper\"><div class=\"eb-row-inner\">\n<div class=\"wp-block-essential-blocks-column  root-eb-column-00zke\"><div class=\"eb-parent-wrapper eb-parent-eb-column-00zke \"><div class=\"eb-column-wrapper eb-column-00zke\"><div class=\"eb-column-inner\">\n<p class=\"has-text-align-center\" style=\"font-size:1.8rem;font-style:normal;font-weight:300;letter-spacing:0.05rem\">Adres firmy<\/p>\n\n\n\n<p class=\"has-text-align-center\" style=\"font-size:1rem;font-style:normal;font-weight:300;letter-spacing:0.05rem\">ul. Polna 3D<br>38-457 Zr\u0119cin<br>(8 km od Krosna)<\/p>\n<\/div><\/div><\/div><\/div>\n\n\n\n<div class=\"wp-block-essential-blocks-column  root-eb-column-etnrb\"><div class=\"eb-parent-wrapper eb-parent-eb-column-etnrb \"><div class=\"eb-column-wrapper eb-column-etnrb\"><div class=\"eb-column-inner\">\n<p class=\"has-text-align-center\" style=\"font-size:1.8rem;font-style:normal;font-weight:300;letter-spacing:0.05rem\"><strong>Dane <\/strong>firmy<\/p>\n\n\n\n<p class=\"has-text-align-center\" style=\"font-size:1rem;font-style:normal;font-weight:300;letter-spacing:0.05rem\">DECOR Witold \u015aliwi\u0144ski Jolanta Kwiatkowska-\u015aliwi\u0144ska<br>38-457 Zr\u0119cin, ul. Polna 3D<br>NIP: 684-108-05-03<br>Regon: 370389445<\/p>\n<\/div><\/div><\/div><\/div>\n<\/div><\/div><\/div><\/div><\/div>\n\n\n\n<div style=\"height:0px\" aria-hidden=\"true\" class=\"wp-block-spacer wp-container-content-16d1eb73\"><\/div>\n<\/div>\n\n\n\n<div class=\"wp-block-essential-blocks-google-map  root-eb-google-map-vkirx\"><div class=\"eb-parent-wrapper eb-parent-eb-google-map-vkirx \"><div id=\"eb-google-map-vkirx\" class=\"eb-google-map-vkirx eb-google-map-wrapper\" data-map-type=\"roadmap\" data-map-zoom=\"14\" data-latitude=\"40.7127753\" data-longitude=\"-74.0059728\" data-search-address=\"New York, NY, USA\" data-marker=\"W3sidGl0bGUiOiJERUNPUiBXaXRvbGQgxZpsaXdpxYRza2kgSm9sYW50YSBLd2lhdGtvd3NrYS3Fmmxpd2nFhHNrYSIsImxhdGl0dWRlIjoiNDkuNjQ5NjUxNiIsImxvbmdpdHVkZSI6IjIxLjY5ODE2OTIiLCJsb2NhdGlvbiI6IlBvbG5hIDNkLCAzOC00NTcgWnLEmWNpbiwgUG9sc2thIiwiY29udGVudCI6IjM4LTQ1NyBacsSZY2luLCB1bC4gUG9sbmEgM0QiLCJpY29uIjoiaHR0cHM6Ly9tYXBzLmdvb2dsZS5jb20vbWFwZmlsZXMvbXMvaWNvbnMvcmVkLWRvdC5wbmciLCJzaG93Q3VzdG9tSWNvbiI6ImZhbHNlIn1d\" data-image-size=\"32\" data-theme-source=\"google_theme\" data-google-style=\"standard\" data-snazzy-style=\"simple\" style=\"height:500px\"><\/div><\/div><\/div>\n<\/div><\/div>\n","protected":false},"excerpt":{"rendered":"<p>Zadzwo\u0144 do nas +48 13 43 61 307 lub tel. kom\u00f3rkowe poni\u017cej Pracujemy od poniedzia\u0142ku do pi\u0105tku W godzinach: 8.00 \u2013 16.00 Obs\u0142uga klienta Projektowanie, Wyceny Ci\u0119cie wod\u0105, Druk UV Obs\u0142uga zlece\u0144, Wyceny Ksi\u0119gowo\u015b\u0107 i wysy\u0142ki<\/p>\n","protected":false},"author":1,"featured_media":0,"parent":0,"menu_order":0,"comment_status":"closed","ping_status":"closed","template":"","meta":{"_eb_attr":"","footnotes":""},"class_list":["post-666","page","type-page","status-publish","hentry"],"_links":{"self":[{"href":"https:\/\/decor.sujk.dev\/index.php\/wp-json\/wp\/v2\/pages\/666","targetHints":{"allow":["GET"]}}],"collection":[{"href":"https:\/\/decor.sujk.dev\/index.php\/wp-json\/wp\/v2\/pages"}],"about":[{"href":"https:\/\/decor.sujk.dev\/index.php\/wp-json\/wp\/v2\/types\/page"}],"author":[{"embeddable":true,"href":"https:\/\/decor.sujk.dev\/index.php\/wp-json\/wp\/v2\/users\/1"}],"replies":[{"embeddable":true,"href":"https:\/\/decor.sujk.dev\/index.php\/wp-json\/wp\/v2\/comments?post=666"}],"version-history":[{"count":114,"href":"https:\/\/decor.sujk.dev\/index.php\/wp-json\/wp\/v2\/pages\/666\/revisions"}],"predecessor-version":[{"id":868,"href":"https:\/\/decor.sujk.dev\/index.php\/wp-json\/wp\/v2\/pages\/666\/revisions\/868"}],"wp:attachment":[{"href":"https:\/\/decor.sujk.dev\/index.php\/wp-json\/wp\/v2\/media?parent=666"}],"curies":[{"name":"wp","href":"https:\/\/api.w.org\/{rel}","templated":true}]}}