{"id":767,"date":"2025-08-25T17:52:54","date_gmt":"2025-08-25T17:52:54","guid":{"rendered":"https:\/\/decor.sujk.dev\/?page_id=767"},"modified":"2025-08-25T17:59:25","modified_gmt":"2025-08-25T17:59:25","slug":"formularz-kontaktowy","status":"publish","type":"page","link":"https:\/\/decor.sujk.dev\/index.php\/formularz-kontaktowy\/","title":{"rendered":"Formularz kontaktowy"},"content":{"rendered":"\n<div class=\"wp-block-group\"><div class=\"wp-block-group__inner-container is-layout-constrained wp-block-group-is-layout-constrained\">\n<div class=\"wp-block-group container is-vertical is-content-justification-center is-layout-flex wp-container-core-group-is-layout-4b2eccd6 wp-block-group-is-layout-flex\">\n<div style=\"height:0px\" aria-hidden=\"true\" class=\"wp-block-spacer wp-container-content-e1bb55cb\"><\/div>\n\n\n\n<p style=\"font-size:2.2rem;font-style:normal;font-weight:300;letter-spacing:0.15rem\">Formularz kontaktowy<\/p>\n\n\n\n<div style=\"height:0px\" aria-hidden=\"true\" class=\"wp-block-spacer wp-container-content-16d1eb73\"><\/div>\n\n\n<div class=\"root-eb-form-z5biz wp-block-essential-blocks-form\">\n    <div class=\"eb-parent-wrapper eb-parent-eb-form-z5biz \">\n        <div id=\"eb-form-z5biz\" class=\"eb-form-z5biz eb-form-wrapper\">\n            <form id=\"ebf-efcca1\"\n                class=\"eb-form form-layout-block form-style-classic\" action=\"\">\n                <div class=\"eb-form-fields\">\n                                        \n\n<div class=\"wp-block-essential-blocks-row alignfull  root-eb-row-lajkw\"><div class=\"eb-parent-wrapper eb-parent-eb-row-lajkw \"><div class=\"eb-row-root-container eb-row-lajkw\" data-id=\"eb-row-lajkw\"><div class=\"eb-row-wrapper\"><div class=\"eb-row-inner\">\n<div class=\"wp-block-essential-blocks-column  root-eb-column-e1bat\"><div class=\"eb-parent-wrapper eb-parent-eb-column-e1bat \"><div class=\"eb-column-wrapper eb-column-e1bat\"><div class=\"eb-column-inner\">\n<div class=\"wp-block-essential-blocks-form-text-field eb-form-field root-eb-text-field-uf48p\"><div class=\"eb-parent-wrapper eb-parent-eb-text-field-uf48p \"><div class=\"eb-text-field-uf48p eb-text-field-wrapper eb-field-wrapper\"><label for=\"first-name\">Imi\u0119 <span class=\"eb-required\">*<\/span><\/label><div class=\"eb-field-input-wrap\"><i class=\"fas fa-user eb-input-icon\"><\/i><input type=\"text\" id=\"first-name\" name=\"first-name\" class=\"eb-field-input\" placeholder=\"Wprowad\u017a imi\u0119\" \/><\/div><div class=\"eb-form-validation eb-validate-first-name\">Pole jest wymagane<\/div><\/div><\/div><\/div>\n<\/div><\/div><\/div><\/div>\n\n\n\n<div class=\"wp-block-essential-blocks-column  root-eb-column-hkdgj\"><div class=\"eb-parent-wrapper eb-parent-eb-column-hkdgj \"><div class=\"eb-column-wrapper eb-column-hkdgj\"><div class=\"eb-column-inner\">\n<div class=\"wp-block-essential-blocks-form-text-field eb-form-field root-eb-text-field-z0fl9\"><div class=\"eb-parent-wrapper eb-parent-eb-text-field-z0fl9 \"><div class=\"eb-text-field-z0fl9 eb-text-field-wrapper eb-field-wrapper\"><label for=\"last-name\">Nazwisko <span class=\"eb-required\">*<\/span><\/label><div class=\"eb-field-input-wrap\"><i class=\"fas fa-user eb-input-icon\"><\/i><input type=\"text\" id=\"last-name\" name=\"last-name\" class=\"eb-field-input\" placeholder=\"Wprowad\u017a nazwisko\" \/><\/div><div class=\"eb-form-validation eb-validate-last-name\">Pole jest wymagane<\/div><\/div><\/div><\/div>\n<\/div><\/div><\/div><\/div>\n<\/div><\/div><\/div><\/div><\/div>\n\n\n\n<div class=\"wp-block-essential-blocks-form-text-field eb-form-field root-eb-text-field-5f82b\"><div class=\"eb-parent-wrapper eb-parent-eb-text-field-5f82b \"><div class=\"eb-text-field-5f82b eb-text-field-wrapper eb-field-wrapper\"><label for=\"subject\">Tytu\u0142 <span class=\"eb-required\">*<\/span><\/label><div class=\"eb-field-input-wrap\"><i class=\"fas fa-user eb-input-icon\"><\/i><input type=\"text\" id=\"subject\" name=\"subject\" class=\"eb-field-input\" placeholder=\"Napisz w jakiej sprawie si\u0119 kontaktujesz\" \/><\/div><div class=\"eb-form-validation eb-validate-subject\">Pole jest wymagane<\/div><\/div><\/div><\/div>\n\n\n\n<div class=\"wp-block-essential-blocks-form-email-field eb-form-field root-eb-email-field-h498r\"><div class=\"eb-parent-wrapper eb-parent-eb-email-field-h498r \"><div class=\"eb-email-field-h498r eb-email-field-wrapper eb-field-wrapper\"><label for=\"email\">Adres email <span class=\"eb-required\">*<\/span><\/label><div class=\"eb-field-input-wrap\"><i class=\"far fa-envelope eb-input-icon\"><\/i><input type=\"email\" id=\"email\" name=\"email\" class=\"eb-field-input\" placeholder=\"Wprowad\u017a adres email\" \/><\/div><div class=\"eb-form-validation eb-validate-email\">Pole jest wymagane<\/div><\/div><\/div><\/div>\n\n\n\n<div class=\"wp-block-essential-blocks-form-textarea-field eb-form-field root-eb-textarea-field-yrmmo\"><div class=\"eb-parent-wrapper eb-parent-eb-textarea-field-yrmmo \"><div class=\"eb-textarea-field-yrmmo eb-textarea-field-wrapper eb-field-wrapper\"><label for=\"message\">Wiadomo\u015b\u0107 <span class=\"eb-required\">*<\/span><\/label><div class=\"eb-field-input-wrap\"><i class=\"far fa-edit eb-input-icon\"><\/i><textarea rows=\"4\" cols=\"100\" id=\"message\" class=\"eb-field-input\" name=\"message\" placeholder=\"Tutaj mo\u017cesz poda\u0107 wi\u0119cej informacji na temat w kt\u00f3rym si\u0119 kontaktujesz\"><\/textarea><\/div><div class=\"eb-form-validation eb-validate-message\">Wprowad\u017a tre\u015b\u0107 wiadomo\u015bci<\/div><\/div><\/div><\/div>\n\n                <\/div>\n                <input class=\"form-nonce\" type=\"hidden\" name=\"form-nonce\" value=\"5ce114c365\" \/>\n                <div class=\"eb-form-submit\">\n                                        <button type=\"submit\" class=\"btn btn-primary eb-form-submit-button\" data-id=\"eb-form-z5biz\" data-form-id=\"ebf-efcca1\">\n                Wy\u015blij\n                <img decoding=\"async\" class=\"eb-form-submit-loader\" src=\"https:\/\/decor.sujk.dev\/wp-content\/plugins\/essential-blocks\/assets\/images\/loading.svg\" \/>\n            <\/button>                <\/div>\n            <\/form>\n            <div class=\"eb_form_submit_response\" data-confirmation-type=\"message\" data-success=\"Wiadomo\u015b\u0107 zosta\u0142a wys\u0142ana.\" data-error=\"Wyst\u0105pi\u0142 bl\u0105d podczas wysy\u0142ania wiadomo\u015bci\"><\/div>        <\/div>\n    <\/div>\n<\/div><\/div>\n<\/div><\/div>\n\n\n\n<p><\/p>\n","protected":false},"excerpt":{"rendered":"<p>Formularz kontaktowy<\/p>\n","protected":false},"author":1,"featured_media":0,"parent":0,"menu_order":0,"comment_status":"closed","ping_status":"closed","template":"","meta":{"_eb_attr":"","footnotes":""},"class_list":["post-767","page","type-page","status-publish","hentry"],"_links":{"self":[{"href":"https:\/\/decor.sujk.dev\/index.php\/wp-json\/wp\/v2\/pages\/767","targetHints":{"allow":["GET"]}}],"collection":[{"href":"https:\/\/decor.sujk.dev\/index.php\/wp-json\/wp\/v2\/pages"}],"about":[{"href":"https:\/\/decor.sujk.dev\/index.php\/wp-json\/wp\/v2\/types\/page"}],"author":[{"embeddable":true,"href":"https:\/\/decor.sujk.dev\/index.php\/wp-json\/wp\/v2\/users\/1"}],"replies":[{"embeddable":true,"href":"https:\/\/decor.sujk.dev\/index.php\/wp-json\/wp\/v2\/comments?post=767"}],"version-history":[{"count":12,"href":"https:\/\/decor.sujk.dev\/index.php\/wp-json\/wp\/v2\/pages\/767\/revisions"}],"predecessor-version":[{"id":787,"href":"https:\/\/decor.sujk.dev\/index.php\/wp-json\/wp\/v2\/pages\/767\/revisions\/787"}],"wp:attachment":[{"href":"https:\/\/decor.sujk.dev\/index.php\/wp-json\/wp\/v2\/media?parent=767"}],"curies":[{"name":"wp","href":"https:\/\/api.w.org\/{rel}","templated":true}]}}